{"id":2,"date":"2022-08-31T18:32:23","date_gmt":"2022-08-31T16:32:23","guid":{"rendered":"http:\/\/kommunal-online.de\/wpcms\/?page_id=2"},"modified":"2022-09-13T10:48:06","modified_gmt":"2022-09-13T08:48:06","slug":"impressum","status":"publish","type":"page","link":"https:\/\/kommunal-online.de\/rohrdorf\/impressum\/","title":{"rendered":"Impressum"},"content":{"rendered":"\n<p><strong>Name der Gesellschaft:<\/strong><br>HEYDER + PARTNER Gesellschaft f\u00fcr Kommunalberatung mbH<\/p>\n\n\n\n<p><strong>Sitz der Gesellschaft:<\/strong><br>Konrad-Adenauer-Str. 11<br>72072 T\u00fcbingen<\/p>\n\n\n\n<p>Telefon: 07071 9795-0<br>Fax: 07071 9795-55<br>E-Mail: <a href=\"javascript:DeCryptX('3l1o3i1p2B2j0e1z0d0e3u0-1q2c3u2v0n2g3u311e1f')\">info [at] heyder-partner [dot] de<\/a><br>Internet: <a href=\"http:\/\/www.heyder-partner.de\" data-type=\"URL\" data-id=\"www.heyder-partner.de\" target=\"_blank\" rel=\"noreferrer noopener\">www.heyder-partner.de<\/a><\/p>\n\n\n\n<p><strong>Gesch\u00e4ftsf\u00fchrung:<\/strong><br>Dr. Wolfgang Heyder, Wolfgang Mauz, Benjamin Dutz,<br>Sonja Schmid-Neofitidis<\/p>\n\n\n\n<p><strong>Handelsregister:<\/strong><br>Amtsgericht Stuttgart: HRB 381276<\/p>\n\n\n\n<p><strong>Steuernummer:<\/strong><br>2886\/113\/97000<\/p>\n\n\n\n<p><strong>Ust-Id Nr.<\/strong>: DE 146892526<\/p>\n\n\n\n<p>Webdesign &amp; Betreuende Designagentur:<br><a href=\"https:\/\/pjungerdesign.de\" target=\"_blank\" rel=\"noreferrer noopener\">pjunger design | agentur, T\u00fcbingen<\/a><\/p>\n\n\n\n<blockquote class=\"wp-block-quote is-layout-flow wp-block-quote-is-layout-flow\"><p><strong>HAFTUNGSAUSSCHLUSS (DISCLAIMER)<\/strong><\/p><cite><strong>Haftung f\u00fcr Inhalte<\/strong><br>Als Diensteanbieter sind wir gem\u00e4\u00df \u00a7 7 Abs.1 TMG f\u00fcr eigene Inhalte auf diesen Seiten nach den allgemeinen Gesetzen verantwortlich. Nach \u00a7\u00a7 8 bis 10 TMG sind wir als Diensteanbieter jedoch nicht verpflichtet, \u00fcbermittelte oder gespeicherte fremde Informationen zu \u00fcberwachen oder nach Umst\u00e4nden zu forschen, die auf eine rechtswidrige T\u00e4tigkeit hinweisen. Verpflichtungen zur Entfernung oder Sperrung der Nutzung von Informationen nach den allgemeinen Gesetzen bleiben hiervon unber\u00fchrt. Eine diesbez\u00fcgliche Haftung ist jedoch erst ab dem Zeitpunkt der Kenntnis einer konkreten Rechtsverletzung m\u00f6glich. Bei Bekanntwerden von entsprechenden Rechtsverletzungen werden wir diese Inhalte umgehend entfernen.<br><strong>Haftung f\u00fcr Links<\/strong><br>Unser Angebot enth\u00e4lt Links zu externen Webseiten Dritter, auf deren Inhalte wir keinen Einfluss haben. Deshalb k\u00f6nnen wir f\u00fcr diese fremden Inhalte auch keine Gew\u00e4hr \u00fcbernehmen. F\u00fcr die Inhalte der verlinkten Seiten ist stets der jeweilige Anbieter oder Betreiber der Seiten verantwortlich. Die verlinkten Seiten wurden zum Zeitpunkt der Verlinkung auf m\u00f6gliche Rechtsverst\u00f6\u00dfe \u00fcberpr\u00fcft. Rechtswidrige Inhalte waren zum Zeitpunkt der Verlinkung nicht erkennbar. Eine permanente inhaltliche Kontrolle der verlinkten Seiten ist jedoch ohne konkrete Anhaltspunkte einer Rechtsverletzung nicht zumutbar. Bei Bekanntwerden von Rechtsverletzungen werden wir derartige Links umgehend entfernen.<br><strong>Urheberrecht<\/strong><br>Die durch die Seitenbetreiber erstellten Inhalte und Werke auf diesen Seiten unterliegen dem deutschen Urheberrecht. Die Vervielf\u00e4ltigung, Bearbeitung, Verbreitung und jede Art der Verwertung au\u00dferhalb der Grenzen des Urheberrechtes bed\u00fcrfen der schriftlichen Zustimmung des jeweiligen Autors bzw. Erstellers. Downloads und Kopien dieser Seite sind nur f\u00fcr den privaten, nicht kommerziellen Gebrauch gestattet. Soweit die Inhalte auf dieser Seite nicht vom Betreiber erstellt wurden, werden die Urheberrechte Dritter beachtet. Insbesondere werden Inhalte Dritter als solche gekennzeichnet. Sollten Sie trotzdem auf eine Urheberrechtsverletzung aufmerksam werden, bitten wir um einen entsprechenden Hinweis. Bei Bekanntwerden von Rechtsverletzungen werden wir derartige Inhalte umgehend entfernen.<\/cite><\/blockquote>\n\n\n\n<p><strong>Fotocredits<\/strong><\/p>\n\n\n\n<p>Bilder-Impressionen: Gemeinde Rohrdorf, Komtureihof 4, 72229 Rohrdorf, <a href=\"https:\/\/www.gemeinde-rohrdorf.de\/de\/startseite\" target=\"_blank\" rel=\"noreferrer noopener\">https:\/\/www.gemeinde-rohrdorf.de\/de\/startseite<\/a><\/p>\n","protected":false},"excerpt":{"rendered":"<p>Name der Gesellschaft:HEYDER + PARTNER Gesellschaft f\u00fcr Kommunalberatung mbH Sitz der Gesellschaft:Konrad-Adenauer-Str. 1172072 T\u00fcbingen Telefon: 07071 9795-0Fax: 07071 9795-55E-Mail: info [at] heyder-partner [dot] deInternet: www.heyder-partner.de Gesch\u00e4ftsf\u00fchrung:Dr. Wolfgang Heyder, Wolfgang Mauz, Benjamin Dutz,Sonja Schmid-Neofitidis Handelsregister:Amtsgericht Stuttgart: HRB 381276 Steuernummer:2886\/113\/97000 Ust-Id Nr.: DE 146892526 Webdesign &amp; Betreuende Designagentur:pjunger design | agentur, T\u00fcbingen HAFTUNGSAUSSCHLUSS (DISCLAIMER) Haftung f\u00fcr InhalteAls&hellip;&nbsp;<a href=\"https:\/\/kommunal-online.de\/rohrdorf\/impressum\/\" class=\"\" rel=\"bookmark\">Weiterlesen &raquo;<span class=\"screen-reader-text\">Impressum<\/span><\/a><\/p>\n","protected":false},"author":1,"featured_media":0,"parent":0,"menu_order":11,"comment_status":"closed","ping_status":"closed","template":"","meta":{"neve_meta_sidebar":"","neve_meta_container":"","neve_meta_enable_content_width":"","neve_meta_content_width":0,"neve_meta_title_alignment":"","neve_meta_author_avatar":"","neve_post_elements_order":"","neve_meta_disable_header":"","neve_meta_disable_footer":"","neve_meta_disable_title":"","footnotes":""},"class_list":["post-2","page","type-page","status-publish","hentry"],"_links":{"self":[{"href":"https:\/\/kommunal-online.de\/rohrdorf\/wp-json\/wp\/v2\/pages\/2","targetHints":{"allow":["GET"]}}],"collection":[{"href":"https:\/\/kommunal-online.de\/rohrdorf\/wp-json\/wp\/v2\/pages"}],"about":[{"href":"https:\/\/kommunal-online.de\/rohrdorf\/wp-json\/wp\/v2\/types\/page"}],"author":[{"embeddable":true,"href":"https:\/\/kommunal-online.de\/rohrdorf\/wp-json\/wp\/v2\/users\/1"}],"replies":[{"embeddable":true,"href":"https:\/\/kommunal-online.de\/rohrdorf\/wp-json\/wp\/v2\/comments?post=2"}],"version-history":[{"count":6,"href":"https:\/\/kommunal-online.de\/rohrdorf\/wp-json\/wp\/v2\/pages\/2\/revisions"}],"predecessor-version":[{"id":316,"href":"https:\/\/kommunal-online.de\/rohrdorf\/wp-json\/wp\/v2\/pages\/2\/revisions\/316"}],"wp:attachment":[{"href":"https:\/\/kommunal-online.de\/rohrdorf\/wp-json\/wp\/v2\/media?parent=2"}],"curies":[{"name":"wp","href":"https:\/\/api.w.org\/{rel}","templated":true}]}}