{"id":30,"date":"2022-09-01T10:03:37","date_gmt":"2022-09-01T08:03:37","guid":{"rendered":"http:\/\/kommunal-online.de\/wpcms\/?page_id=30"},"modified":"2022-09-12T13:34:37","modified_gmt":"2022-09-12T11:34:37","slug":"gemeinde","status":"publish","type":"page","link":"https:\/\/kommunal-online.de\/rohrdorf\/gemeinde\/","title":{"rendered":"Die Gemeinde"},"content":{"rendered":"\n<div class=\"wp-block-cover alignfull is-light\" style=\"min-height:300px;aspect-ratio:unset;\"><span aria-hidden=\"true\" class=\"wp-block-cover__background has-nv-site-bg-background-color has-background-dim\"><\/span><img loading=\"lazy\" decoding=\"async\" width=\"1526\" height=\"467\" class=\"wp-block-cover__image-background wp-image-243\" alt=\"\" src=\"http:\/\/kommunal-online.de\/rohrdorf\/wp-content\/uploads\/2022\/09\/Rohrdorf_weit13.jpg\" data-object-fit=\"cover\" srcset=\"https:\/\/kommunal-online.de\/rohrdorf\/wp-content\/uploads\/2022\/09\/Rohrdorf_weit13.jpg 1526w, https:\/\/kommunal-online.de\/rohrdorf\/wp-content\/uploads\/2022\/09\/Rohrdorf_weit13-300x92.jpg 300w, https:\/\/kommunal-online.de\/rohrdorf\/wp-content\/uploads\/2022\/09\/Rohrdorf_weit13-1024x313.jpg 1024w, https:\/\/kommunal-online.de\/rohrdorf\/wp-content\/uploads\/2022\/09\/Rohrdorf_weit13-768x235.jpg 768w\" sizes=\"auto, (max-width: 1526px) 100vw, 1526px\" \/><div class=\"wp-block-cover__inner-container is-layout-flow wp-block-cover-is-layout-flow\">\n<div class=\"wp-block-group\"><div class=\"wp-block-group__inner-container is-layout-flow wp-block-group-is-layout-flow\">\n<h1 class=\"has-text-align-left has-neve-link-color-color has-text-color wp-block-heading\" style=\"font-size:50px\">Rohrdorf stellt sich vor<\/h1>\n<\/div><\/div>\n<\/div><\/div>\n\n\n\n<div class=\"wp-block-cover alignfull\" style=\"min-height:600px;aspect-ratio:unset;\"><span aria-hidden=\"true\" class=\"wp-block-cover__background has-nv-light-bg-background-color has-background-dim-100 has-background-dim\"><\/span><div class=\"wp-block-cover__inner-container is-layout-flow wp-block-cover-is-layout-flow\">\n<div class=\"wp-block-group\"><div class=\"wp-block-group__inner-container is-layout-flow wp-block-group-is-layout-flow\">\n<div style=\"height:80px\" aria-hidden=\"true\" class=\"wp-block-spacer\"><\/div>\n\n\n\n<div class=\"wp-block-columns are-vertically-aligned-top is-layout-flex wp-container-core-columns-is-layout-9d6595d7 wp-block-columns-is-layout-flex\">\n<div class=\"wp-block-column is-vertically-aligned-top is-layout-flow wp-block-column-is-layout-flow\" style=\"flex-basis:50%\">\n<figure class=\"wp-block-image size-full size-large\"><img loading=\"lazy\" decoding=\"async\" width=\"1024\" height=\"640\" src=\"http:\/\/kommunal-online.de\/rohrdorf\/wp-content\/uploads\/2022\/09\/101_0124-Bearbeitet.jpg\" alt=\"\" class=\"wp-image-146\" srcset=\"https:\/\/kommunal-online.de\/rohrdorf\/wp-content\/uploads\/2022\/09\/101_0124-Bearbeitet.jpg 1024w, https:\/\/kommunal-online.de\/rohrdorf\/wp-content\/uploads\/2022\/09\/101_0124-Bearbeitet-300x188.jpg 300w, https:\/\/kommunal-online.de\/rohrdorf\/wp-content\/uploads\/2022\/09\/101_0124-Bearbeitet-768x480.jpg 768w\" sizes=\"auto, (max-width: 1024px) 100vw, 1024px\" \/><figcaption>OLYMPUS DIGITAL CAMERA<\/figcaption><\/figure>\n<\/div>\n\n\n\n<div class=\"wp-block-column is-vertically-aligned-top is-layout-flow wp-block-column-is-layout-flow\" style=\"flex-basis:50%\">\n<h2 class=\"has-neve-text-color-color has-text-color has-large-font-size wp-block-heading\">Infos rund um die Gemeinde:<\/h2>\n\n\n\n<p class=\"has-neve-text-color-color has-text-color has-medium-font-size\">Die Gemeinde Rohrdorf, Landkreis Calw (ca. 1.996 Einwohner), ist eine idyllisch gelegene Gemeinde im Nagoldtal zwischen dem Heckeng\u00e4u und dem Nordschwarzwald.<\/p>\n\n\n\n<p class=\"has-neve-link-color-color has-text-color\">In unsere Gemeinde werden Sie sich wohlf\u00fchlen &#8211; gute Einkaufsm\u00f6glichkeiten und hervorragende Anbindungen zu den n\u00e4chstgelegenen St\u00e4dten (u.a. Nagold, Herrenberg \u2013 mit Anbindung an die Autobahn A81) machen das Leben in Rohrdorf besonders lebenswert.<\/p>\n\n\n\n<p class=\"has-neve-link-color-color has-text-color\">Im Rahmen des Entwicklungsprogramms L\u00e4ndlicher Raum in Baden-W\u00fcrttemberg ist es auch in Rohrdorf gelungen, die Lebens- und Arbeitsbedingungen in unseren kleineren Gemeinden und D\u00f6rfern des L\u00e4ndlichen Raums zu verbessern, das Leben und Wohnen auf dem Lande wieder attraktiver zu machen und auch Arbeitspl\u00e4tze zu schaffen.<\/p>\n\n\n\n<p class=\"has-neve-link-color-color has-text-color\">Daher ist auch die st\u00e4dtebauliche Weiterentwicklung ein wichtiges Zukunftsthema in Rohrdorf.<\/p>\n\n\n\n<p><\/p>\n\n\n\n<p><\/p>\n<\/div>\n<\/div>\n<\/div><\/div>\n<\/div><\/div>\n\n\n\n<div class=\"wp-block-cover alignfull is-light\" style=\"min-height:600px;aspect-ratio:unset;\"><span aria-hidden=\"true\" class=\"wp-block-cover__background has-background-dim-100 has-background-dim\" style=\"background-color:#c0c0c0\"><\/span><div class=\"wp-block-cover__inner-container is-layout-flow wp-block-cover-is-layout-flow\">\n<div class=\"wp-block-group\"><div class=\"wp-block-group__inner-container is-layout-flow wp-block-group-is-layout-flow\">\n<div class=\"wp-block-columns are-vertically-aligned-center is-layout-flex wp-container-core-columns-is-layout-9d6595d7 wp-block-columns-is-layout-flex\">\n<div class=\"wp-block-column is-vertically-aligned-center is-layout-flow wp-block-column-is-layout-flow\" style=\"flex-basis:50%\">\n<h2 class=\"has-nv-text-dark-bg-color has-text-color has-x-large-font-size wp-block-heading\"><strong>Weitere Informationen <strong>zur Gemeinde Rohrdorf unter<\/strong><\/strong>:<\/h2>\n\n\n\n<p class=\"has-nv-text-dark-bg-color has-text-color\"><\/p>\n\n\n\n<div class=\"wp-block-buttons is-layout-flex wp-block-buttons-is-layout-flex\">\n<div class=\"wp-block-button is-style-primary\"><a class=\"wp-block-button__link\" href=\"https:\/\/www.gemeinde-rohrdorf.de\" style=\"border-radius:6px\" target=\"_blank\" rel=\"noreferrer noopener\">Gemeinde Rohrdorf<\/a><\/div>\n<\/div>\n\n\n\n<div style=\"height:20px\" aria-hidden=\"true\" class=\"wp-block-spacer\"><\/div>\n<\/div>\n\n\n\n<div class=\"wp-block-column is-vertically-aligned-center is-layout-flow wp-block-column-is-layout-flow\" style=\"flex-basis:50%\">\n<figure class=\"wp-block-image size-full\"><img loading=\"lazy\" decoding=\"async\" width=\"1024\" height=\"648\" src=\"http:\/\/kommunal-online.de\/rohrdorf\/wp-content\/uploads\/2022\/09\/Logo-Rohrdorf.jpg\" alt=\"Rohrdorf Kreis Calw\" class=\"wp-image-119\" srcset=\"https:\/\/kommunal-online.de\/rohrdorf\/wp-content\/uploads\/2022\/09\/Logo-Rohrdorf.jpg 1024w, https:\/\/kommunal-online.de\/rohrdorf\/wp-content\/uploads\/2022\/09\/Logo-Rohrdorf-300x190.jpg 300w, https:\/\/kommunal-online.de\/rohrdorf\/wp-content\/uploads\/2022\/09\/Logo-Rohrdorf-768x486.jpg 768w\" sizes=\"auto, (max-width: 1024px) 100vw, 1024px\" \/><\/figure>\n<\/div>\n<\/div>\n<\/div><\/div>\n<\/div><\/div>\n\n\n\n<div class=\"wp-block-cover alignfull\" style=\"min-height:500px;aspect-ratio:unset;\"><span aria-hidden=\"true\" class=\"wp-block-cover__background has-nv-site-bg-background-color has-background-dim-100 has-background-dim\"><\/span><div class=\"wp-block-cover__inner-container is-layout-flow wp-block-cover-is-layout-flow\">\n<div class=\"wp-block-group\"><div class=\"wp-block-group__inner-container is-layout-flow wp-block-group-is-layout-flow\">\n<div style=\"height:80px\" aria-hidden=\"true\" class=\"wp-block-spacer\"><\/div>\n\n\n\n<figure class=\"wp-block-gallery has-nested-images columns-default is-cropped wp-block-gallery-1 is-layout-flex wp-block-gallery-is-layout-flex\">\n<figure class=\"wp-block-image size-full\"><img loading=\"lazy\" decoding=\"async\" width=\"1024\" height=\"768\" data-id=\"250\" src=\"http:\/\/kommunal-online.de\/rohrdorf\/wp-content\/uploads\/2022\/09\/Feuerwehr_P7190393-1.jpg\" alt=\"\" class=\"wp-image-250\" srcset=\"https:\/\/kommunal-online.de\/rohrdorf\/wp-content\/uploads\/2022\/09\/Feuerwehr_P7190393-1.jpg 1024w, https:\/\/kommunal-online.de\/rohrdorf\/wp-content\/uploads\/2022\/09\/Feuerwehr_P7190393-1-300x225.jpg 300w, https:\/\/kommunal-online.de\/rohrdorf\/wp-content\/uploads\/2022\/09\/Feuerwehr_P7190393-1-768x576.jpg 768w\" sizes=\"auto, (max-width: 1024px) 100vw, 1024px\" \/><\/figure>\n\n\n\n<figure class=\"wp-block-image size-large\"><img loading=\"lazy\" decoding=\"async\" width=\"1024\" height=\"630\" data-id=\"251\" src=\"http:\/\/kommunal-online.de\/rohrdorf\/wp-content\/uploads\/2022\/09\/Rohrdorf-Rathaus1-1024x630.jpg\" alt=\"\" class=\"wp-image-251\" srcset=\"https:\/\/kommunal-online.de\/rohrdorf\/wp-content\/uploads\/2022\/09\/Rohrdorf-Rathaus1-1024x630.jpg 1024w, https:\/\/kommunal-online.de\/rohrdorf\/wp-content\/uploads\/2022\/09\/Rohrdorf-Rathaus1-300x184.jpg 300w, https:\/\/kommunal-online.de\/rohrdorf\/wp-content\/uploads\/2022\/09\/Rohrdorf-Rathaus1-768x472.jpg 768w, https:\/\/kommunal-online.de\/rohrdorf\/wp-content\/uploads\/2022\/09\/Rohrdorf-Rathaus1-1536x944.jpg 1536w, https:\/\/kommunal-online.de\/rohrdorf\/wp-content\/uploads\/2022\/09\/Rohrdorf-Rathaus1.jpg 2048w\" sizes=\"auto, (max-width: 1024px) 100vw, 1024px\" \/><\/figure>\n\n\n\n<figure class=\"wp-block-image size-large\"><img loading=\"lazy\" decoding=\"async\" width=\"2560\" height=\"1517\" data-id=\"52\" src=\"http:\/\/kommunal-online.de\/rohrdorf\/wp-content\/uploads\/2022\/09\/Titelbild-Rathaus1-scaled.jpg\" alt=\"\" class=\"wp-image-52\" srcset=\"https:\/\/kommunal-online.de\/rohrdorf\/wp-content\/uploads\/2022\/09\/Titelbild-Rathaus1-scaled.jpg 2560w, https:\/\/kommunal-online.de\/rohrdorf\/wp-content\/uploads\/2022\/09\/Titelbild-Rathaus1-300x178.jpg 300w, https:\/\/kommunal-online.de\/rohrdorf\/wp-content\/uploads\/2022\/09\/Titelbild-Rathaus1-1024x607.jpg 1024w, https:\/\/kommunal-online.de\/rohrdorf\/wp-content\/uploads\/2022\/09\/Titelbild-Rathaus1-768x455.jpg 768w, https:\/\/kommunal-online.de\/rohrdorf\/wp-content\/uploads\/2022\/09\/Titelbild-Rathaus1-1536x910.jpg 1536w, https:\/\/kommunal-online.de\/rohrdorf\/wp-content\/uploads\/2022\/09\/Titelbild-Rathaus1-2048x1214.jpg 2048w\" sizes=\"auto, (max-width: 2560px) 100vw, 2560px\" \/><\/figure>\n<\/figure>\n\n\n\n<div style=\"height:40px\" aria-hidden=\"true\" class=\"wp-block-spacer\"><\/div>\n<\/div><\/div>\n<\/div><\/div>\n\n\n\n<div class=\"wp-block-cover alignfull is-light\" style=\"min-height:600px;aspect-ratio:unset;\"><span aria-hidden=\"true\" class=\"wp-block-cover__background has-background-dim-100 has-background-dim\" style=\"background-color:#bdbdbd\"><\/span><div class=\"wp-block-cover__inner-container is-layout-flow wp-block-cover-is-layout-flow\">\n<div class=\"wp-block-group\"><div class=\"wp-block-group__inner-container is-layout-flow wp-block-group-is-layout-flow\">\n<div style=\"height:80px\" aria-hidden=\"true\" class=\"wp-block-spacer\"><\/div>\n\n\n\n<div class=\"wp-block-columns is-layout-flex wp-container-core-columns-is-layout-9d6595d7 wp-block-columns-is-layout-flex\">\n<div class=\"wp-block-column is-vertically-aligned-center is-layout-flow wp-block-column-is-layout-flow\" style=\"flex-basis:50%\">\n<h2 class=\"has-nv-text-dark-bg-color has-text-color wp-block-heading\">Wo liegt Rohrdorf?<\/h2>\n\n\n\n<p class=\"has-white-color has-text-color\">Selbst\u00e4ndige Gemeinde &#8211; in der N\u00e4he der Gro\u00dfen Kreisstadt Nagold.<\/p>\n<\/div>\n\n\n\n<div class=\"wp-block-column is-vertically-aligned-center is-layout-flow wp-block-column-is-layout-flow\" style=\"flex-basis:50%\">\n<iframe loading=\"lazy\" width=\"455\" height=\"350\" frameborder=\"0\" scrolling=\"no\" marginheight=\"0\" marginwidth=\"0\" src=\"https:\/\/www.openstreetmap.org\/export\/embed.html?bbox=8.645124435424806%2C48.54502362520695%2C8.731813430786135%2C48.59341332926223&amp;layer=mapnik&amp;marker=48.56922426541838%2C8.688468933105469\" style=\"border: 1px solid black\"><\/iframe><br\/><small><a href=\"https:\/\/www.openstreetmap.org\/?mlat=48.5692&amp;mlon=8.6885#map=14\/48.5692\/8.6885\">Gr\u00f6\u00dfere Karte anzeigen<\/a><\/small>\n<\/div>\n<\/div>\n\n\n\n<div style=\"height:40px\" aria-hidden=\"true\" class=\"wp-block-spacer\"><\/div>\n<\/div><\/div>\n<\/div><\/div>\n","protected":false},"excerpt":{"rendered":"","protected":false},"author":1,"featured_media":0,"parent":0,"menu_order":0,"comment_status":"closed","ping_status":"closed","template":"","meta":{"neve_meta_sidebar":"","neve_meta_container":"","neve_meta_enable_content_width":"on","neve_meta_content_width":100,"neve_meta_title_alignment":"","neve_meta_author_avatar":"","neve_post_elements_order":"","neve_meta_disable_header":"","neve_meta_disable_footer":"","neve_meta_disable_title":"on","footnotes":""},"class_list":["post-30","page","type-page","status-publish","hentry"],"_links":{"self":[{"href":"https:\/\/kommunal-online.de\/rohrdorf\/wp-json\/wp\/v2\/pages\/30","targetHints":{"allow":["GET"]}}],"collection":[{"href":"https:\/\/kommunal-online.de\/rohrdorf\/wp-json\/wp\/v2\/pages"}],"about":[{"href":"https:\/\/kommunal-online.de\/rohrdorf\/wp-json\/wp\/v2\/types\/page"}],"author":[{"embeddable":true,"href":"https:\/\/kommunal-online.de\/rohrdorf\/wp-json\/wp\/v2\/users\/1"}],"replies":[{"embeddable":true,"href":"https:\/\/kommunal-online.de\/rohrdorf\/wp-json\/wp\/v2\/comments?post=30"}],"version-history":[{"count":33,"href":"https:\/\/kommunal-online.de\/rohrdorf\/wp-json\/wp\/v2\/pages\/30\/revisions"}],"predecessor-version":[{"id":357,"href":"https:\/\/kommunal-online.de\/rohrdorf\/wp-json\/wp\/v2\/pages\/30\/revisions\/357"}],"wp:attachment":[{"href":"https:\/\/kommunal-online.de\/rohrdorf\/wp-json\/wp\/v2\/media?parent=30"}],"curies":[{"name":"wp","href":"https:\/\/api.w.org\/{rel}","templated":true}]}}