{"id":31,"date":"2022-09-01T10:03:37","date_gmt":"2022-09-01T08:03:37","guid":{"rendered":"http:\/\/kommunal-online.de\/wpcms\/?page_id=31"},"modified":"2024-09-18T14:23:03","modified_gmt":"2024-09-18T12:23:03","slug":"bewerben","status":"publish","type":"page","link":"https:\/\/kommunal-online.de\/rohrdorf\/bewerben\/","title":{"rendered":"Kontakt"},"content":{"rendered":"\n<div class=\"wp-block-cover alignfull is-light\" style=\"min-height:300px;aspect-ratio:unset;\"><span aria-hidden=\"true\" class=\"wp-block-cover__background has-nv-site-bg-background-color has-background-dim\"><\/span><img loading=\"lazy\" decoding=\"async\" width=\"2000\" height=\"543\" class=\"wp-block-cover__image-background wp-image-260\" alt=\"\" src=\"http:\/\/kommunal-online.de\/rohrdorf\/wp-content\/uploads\/2022\/09\/titelbild-bewerbung.jpg\" data-object-fit=\"cover\" srcset=\"https:\/\/kommunal-online.de\/rohrdorf\/wp-content\/uploads\/2022\/09\/titelbild-bewerbung.jpg 2000w, https:\/\/kommunal-online.de\/rohrdorf\/wp-content\/uploads\/2022\/09\/titelbild-bewerbung-300x81.jpg 300w, https:\/\/kommunal-online.de\/rohrdorf\/wp-content\/uploads\/2022\/09\/titelbild-bewerbung-1024x278.jpg 1024w, https:\/\/kommunal-online.de\/rohrdorf\/wp-content\/uploads\/2022\/09\/titelbild-bewerbung-768x209.jpg 768w, https:\/\/kommunal-online.de\/rohrdorf\/wp-content\/uploads\/2022\/09\/titelbild-bewerbung-1536x417.jpg 1536w\" sizes=\"auto, (max-width: 2000px) 100vw, 2000px\" \/><div class=\"wp-block-cover__inner-container is-layout-flow wp-block-cover-is-layout-flow\">\n<div class=\"wp-block-group\"><div class=\"wp-block-group__inner-container is-layout-flow wp-block-group-is-layout-flow\">\n<h1 class=\"wp-block-heading has-text-align-left has-neve-text-color-color has-text-color\" style=\"font-size:50px\">Ihre Bewerbung<\/h1>\n<\/div><\/div>\n<\/div><\/div>\n\n\n\n<div class=\"wp-block-cover alignfull\" style=\"min-height:420px;aspect-ratio:unset;\"><span aria-hidden=\"true\" class=\"wp-block-cover__background has-nv-light-bg-background-color has-background-dim-100 has-background-dim\"><\/span><div class=\"wp-block-cover__inner-container is-layout-flow wp-block-cover-is-layout-flow\">\n<div style=\"height:36px\" aria-hidden=\"true\" class=\"wp-block-spacer\"><\/div>\n\n\n\n<div class=\"wp-block-columns is-layout-flex wp-container-core-columns-is-layout-9d6595d7 wp-block-columns-is-layout-flex\">\n<div class=\"wp-block-column is-layout-flow wp-block-column-is-layout-flow\">\n<figure class=\"wp-block-image size-full\"><img loading=\"lazy\" decoding=\"async\" width=\"1024\" height=\"685\" src=\"http:\/\/kommunal-online.de\/rohrdorf\/wp-content\/uploads\/2022\/09\/Hand-am-Computer.jpg\" alt=\"\" class=\"wp-image-258\" srcset=\"https:\/\/kommunal-online.de\/rohrdorf\/wp-content\/uploads\/2022\/09\/Hand-am-Computer.jpg 1024w, https:\/\/kommunal-online.de\/rohrdorf\/wp-content\/uploads\/2022\/09\/Hand-am-Computer-300x201.jpg 300w, https:\/\/kommunal-online.de\/rohrdorf\/wp-content\/uploads\/2022\/09\/Hand-am-Computer-768x514.jpg 768w\" sizes=\"auto, (max-width: 1024px) 100vw, 1024px\" \/><\/figure>\n<\/div>\n\n\n\n<div class=\"wp-block-column is-layout-flow wp-block-column-is-layout-flow\">\n<p class=\"has-neve-link-color-color has-text-color\">Sie haben die M\u00f6glichkeit, Ihre Bewerbung schnell und unkompliziert per E-Mail an uns zu schicken. Bitte \u00fcbersenden Sie Ihre Bewerbung im Dateiformat PDF, aus Sicherheitsgr\u00fcnden werden andere Dateiformate nicht akzeptiert. <\/p>\n\n\n\n<p class=\"has-neve-link-color-color has-text-color\">Bewerbungen sind mit den vollst\u00e4ndigen Unterlagen (Bewerbungsschreiben, tabellarischer Lebenslauf, Kopien der entsprechenden Schul- und Berufsausbildungszeugnisse, vollst\u00e4ndige Arbeitszeugnisse und Beurteilungen sowie die geforderten Nachweise) und innerhalb der angegebenen Bewerbungsfrist (10.10.2024) zu \u00fcbermitteln.<\/p>\n\n\n\n<p class=\"has-neve-link-color-color has-text-color\"><strong>Beachten Sie bitte dabei, dass der E-Mail-Versand aus Datenschutzsicht als unsicher gilt. Wenn Sie bez\u00fcglich der Sicherheit Ihrer personenbezogenen Daten Bedenken haben, empfehlen wir Ihnen, Ihre Bewerbung per Post, unter der unten angegebenen Adresse, einzureichen.<\/strong><\/p>\n<\/div>\n<\/div>\n\n\n\n<p class=\"has-neve-link-color-color has-text-color\"><\/p>\n\n\n\n<p class=\"has-neve-link-color-color has-text-color\"><strong>Alle Informationen zur Verarbeitung Ihrer personenbezogenen Daten finden Sie in unseren <a href=\"https:\/\/kommunal-online.de\/rohrdorf\/datenschutz\/\" data-type=\"URL\" data-id=\"https:\/\/kommunal-online.de\/rohrdorf\/datenschutz\/\">Datenschutzhinweisen.<\/a><\/strong><\/p>\n\n\n\n<div class=\"wp-block-columns is-layout-flex wp-container-core-columns-is-layout-9d6595d7 wp-block-columns-is-layout-flex\">\n<div class=\"wp-block-column has-nv-site-bg-background-color has-background is-layout-flow wp-block-column-is-layout-flow\">\n<div style=\"height:24px\" aria-hidden=\"true\" class=\"wp-block-spacer\"><\/div>\n\n\n<div class=\"wp-block-image icon-style is-style-rounded\">\n<figure class=\"aligncenter is-resized\"><img decoding=\"async\" src=\"http:\/\/kommunal-online.de\/rohrdorf\/wp-content\/themes\/neve\/assets\/img\/starter-content\/icon-05.svg\" alt=\"\" style=\"width:48px;height:48px\"\/><\/figure>\n<\/div>\n\n\n<h3 class=\"wp-block-heading has-text-align-center has-neve-link-hover-color-color has-text-color\">Ansprechpartner<\/h3>\n\n\n\n<p class=\"has-text-align-center has-neve-link-color-color has-text-color\"><strong>Norbert Kranz,<\/strong> <br>Dipl. Verwaltungswirt (FH), <br>Recruiting HEYDER+PARTNER<br>Telefonnummer: 07071 9795 &#8211; 0<\/p>\n\n\n\n<div style=\"height:24px\" aria-hidden=\"true\" class=\"wp-block-spacer\"><\/div>\n<\/div>\n\n\n\n<div class=\"wp-block-column has-nv-site-bg-color has-neve-link-hover-color-background-color has-text-color has-background is-layout-flow wp-block-column-is-layout-flow\">\n<div style=\"height:24px\" aria-hidden=\"true\" class=\"wp-block-spacer\"><\/div>\n\n\n<div class=\"wp-block-image icon-style is-style-rounded\">\n<figure class=\"aligncenter size-large is-resized\"><img decoding=\"async\" src=\"http:\/\/kommunal-online.de\/rohrdorf\/wp-content\/themes\/neve\/assets\/img\/starter-content\/icon-06-white.svg\" alt=\"\" style=\"width:51px;height:51px\"\/><\/figure>\n<\/div>\n\n\n<h3 class=\"wp-block-heading has-text-align-center has-nv-site-bg-color has-text-color\">Bewerbung senden an<\/h3>\n\n\n\n<p class=\"has-text-align-center has-nv-site-bg-color has-text-color\" style=\"font-size:15px\"><strong><a href=\"javascript:DeCryptX('3u1p2j1s3g0o2t3i3C3k2g3|0d0e2t1.3s0a1s3w1o0e3u1\/3g3h')\">rohrdorf [at] heyder-partner [dot] de<\/a><\/strong><\/p>\n\n\n\n<p class=\"has-text-align-center has-nv-site-bg-color has-text-color\" style=\"font-size:14px\"><strong>HEYDER + PARTNER<\/strong> <br>Gesellschaft f\u00fcr Kommunalberatung mbH<br><em>Bewerbung Rohrdorf<\/em><br>Konrad-Adenauer-Str. 11<br>72072 T\u00fcbingen<\/p>\n\n\n\n<p><\/p>\n<\/div>\n\n\n\n<div class=\"wp-block-column has-nv-site-bg-background-color has-background is-layout-flow wp-block-column-is-layout-flow\">\n<div style=\"height:24px\" aria-hidden=\"true\" class=\"wp-block-spacer\"><\/div>\n\n\n<div class=\"wp-block-image icon-style is-style-rounded\">\n<figure class=\"aligncenter is-resized\"><img decoding=\"async\" src=\"http:\/\/kommunal-online.de\/rohrdorf\/wp-content\/themes\/neve\/assets\/img\/starter-content\/icon-04.svg\" alt=\"\" style=\"width:48px;height:48px\"\/><\/figure>\n<\/div>\n\n\n<h3 class=\"wp-block-heading has-text-align-center has-neve-link-hover-color-color has-text-color\">Standort der Stelle<\/h3>\n\n\n\n<p class=\"has-text-align-center has-neve-text-color-color has-text-color\" style=\"font-size:15px\"><strong>Gemeinde Rohrdorf, Landkreis Calw<\/strong><\/p>\n\n\n\n<div class=\"wp-block-buttons is-content-justification-center is-layout-flex wp-container-core-buttons-is-layout-16018d1d wp-block-buttons-is-layout-flex\">\n<div class=\"wp-block-button\"><a class=\"wp-block-button__link has-neve-link-hover-color-background-color has-background wp-element-button\" href=\"https:\/\/www.gemeinde-rohrdorf.de\" style=\"border-radius:6px\" target=\"_blank\" rel=\"noreferrer noopener\">Website<\/a><\/div>\n<\/div>\n\n\n\n<div style=\"height:24px\" aria-hidden=\"true\" class=\"wp-block-spacer\"><\/div>\n<\/div>\n<\/div>\n\n\n\n<div style=\"height:30px\" aria-hidden=\"true\" class=\"wp-block-spacer\"><\/div>\n<\/div><\/div>\n","protected":false},"excerpt":{"rendered":"","protected":false},"author":1,"featured_media":0,"parent":0,"menu_order":5,"comment_status":"closed","ping_status":"closed","template":"","meta":{"neve_meta_sidebar":"","neve_meta_container":"","neve_meta_enable_content_width":"on","neve_meta_content_width":100,"neve_meta_title_alignment":"","neve_meta_author_avatar":"","neve_post_elements_order":"","neve_meta_disable_header":"","neve_meta_disable_footer":"","neve_meta_disable_title":"on","footnotes":""},"class_list":["post-31","page","type-page","status-publish","hentry"],"_links":{"self":[{"href":"https:\/\/kommunal-online.de\/rohrdorf\/wp-json\/wp\/v2\/pages\/31","targetHints":{"allow":["GET"]}}],"collection":[{"href":"https:\/\/kommunal-online.de\/rohrdorf\/wp-json\/wp\/v2\/pages"}],"about":[{"href":"https:\/\/kommunal-online.de\/rohrdorf\/wp-json\/wp\/v2\/types\/page"}],"author":[{"embeddable":true,"href":"https:\/\/kommunal-online.de\/rohrdorf\/wp-json\/wp\/v2\/users\/1"}],"replies":[{"embeddable":true,"href":"https:\/\/kommunal-online.de\/rohrdorf\/wp-json\/wp\/v2\/comments?post=31"}],"version-history":[{"count":32,"href":"https:\/\/kommunal-online.de\/rohrdorf\/wp-json\/wp\/v2\/pages\/31\/revisions"}],"predecessor-version":[{"id":363,"href":"https:\/\/kommunal-online.de\/rohrdorf\/wp-json\/wp\/v2\/pages\/31\/revisions\/363"}],"wp:attachment":[{"href":"https:\/\/kommunal-online.de\/rohrdorf\/wp-json\/wp\/v2\/media?parent=31"}],"curies":[{"name":"wp","href":"https:\/\/api.w.org\/{rel}","templated":true}]}}