{"id":33,"date":"2022-09-01T10:03:37","date_gmt":"2022-09-01T08:03:37","guid":{"rendered":"http:\/\/kommunal-online.de\/wpcms\/?page_id=33"},"modified":"2024-09-18T18:35:17","modified_gmt":"2024-09-18T16:35:17","slug":"offene-stellen","status":"publish","type":"page","link":"https:\/\/kommunal-online.de\/rohrdorf\/offene-stellen\/","title":{"rendered":"Stellenausschreibung"},"content":{"rendered":"\n<div class=\"wp-block-cover alignfull\" style=\"min-height:300px;aspect-ratio:unset;\"><span aria-hidden=\"true\" class=\"wp-block-cover__background has-neve-link-hover-color-background-color has-background-dim-100 has-background-dim\"><\/span><div class=\"wp-block-cover__inner-container is-layout-flow wp-block-cover-is-layout-flow\">\n<div class=\"wp-block-group\"><div class=\"wp-block-group__inner-container is-layout-flow wp-block-group-is-layout-flow\">\n<div class=\"wp-block-columns is-layout-flex wp-container-core-columns-is-layout-9d6595d7 wp-block-columns-is-layout-flex\">\n<div class=\"wp-block-column is-vertically-aligned-bottom is-layout-flow wp-block-column-is-layout-flow\" style=\"flex-basis:70%\">\n<h1 class=\"wp-block-heading has-text-align-left has-nv-site-bg-color has-text-color\" style=\"font-size:50px;text-transform:uppercase\">Leitung Hauptamt <\/h1>\n\n\n\n<h1 class=\"wp-block-heading has-text-align-left has-nv-site-bg-color has-text-color has-large-font-size\">(m\/w\/d)<\/h1>\n\n\n\n<p class=\"has-nv-site-bg-color has-text-color\" style=\"font-size:22px\"><strong>Besetzung zum n\u00e4chstm\u00f6glichsten Zeitpunkt<br>Bewerbungsfrist bis zum 10.10.2024<\/strong><\/p>\n<\/div>\n\n\n\n<div class=\"wp-block-column is-vertically-aligned-center is-layout-flow wp-block-column-is-layout-flow\" style=\"flex-basis:30%\"><\/div>\n<\/div>\n<\/div><\/div>\n<\/div><\/div>\n\n\n\n<div class=\"wp-block-cover alignfull\" style=\"min-height:700px;aspect-ratio:unset;\"><span aria-hidden=\"true\" class=\"wp-block-cover__background has-nv-light-bg-background-color has-background-dim-100 has-background-dim\"><\/span><div class=\"wp-block-cover__inner-container is-layout-flow wp-block-cover-is-layout-flow\">\n<div class=\"wp-block-group\"><div class=\"wp-block-group__inner-container is-layout-flow wp-block-group-is-layout-flow\">\n<div style=\"height:80px\" aria-hidden=\"true\" class=\"wp-block-spacer\"><\/div>\n\n\n\n<div class=\"wp-block-columns is-layout-flex wp-container-core-columns-is-layout-9d6595d7 wp-block-columns-is-layout-flex\">\n<div class=\"wp-block-column is-layout-flow wp-block-column-is-layout-flow\" style=\"flex-basis:66.79%\">\n<figure class=\"wp-block-image size-large\"><img loading=\"lazy\" decoding=\"async\" width=\"1024\" height=\"607\" src=\"http:\/\/kommunal-online.de\/rohrdorf\/wp-content\/uploads\/2022\/09\/Titelbild-Rathaus1-1024x607.jpg\" alt=\"\" class=\"wp-image-52\" srcset=\"https:\/\/kommunal-online.de\/rohrdorf\/wp-content\/uploads\/2022\/09\/Titelbild-Rathaus1-1024x607.jpg 1024w, https:\/\/kommunal-online.de\/rohrdorf\/wp-content\/uploads\/2022\/09\/Titelbild-Rathaus1-300x178.jpg 300w, https:\/\/kommunal-online.de\/rohrdorf\/wp-content\/uploads\/2022\/09\/Titelbild-Rathaus1-768x455.jpg 768w, https:\/\/kommunal-online.de\/rohrdorf\/wp-content\/uploads\/2022\/09\/Titelbild-Rathaus1-1536x910.jpg 1536w, https:\/\/kommunal-online.de\/rohrdorf\/wp-content\/uploads\/2022\/09\/Titelbild-Rathaus1-2048x1214.jpg 2048w\" sizes=\"auto, (max-width: 1024px) 100vw, 1024px\" \/><\/figure>\n\n\n\n<div style=\"height:40px\" aria-hidden=\"true\" class=\"wp-block-spacer\"><\/div>\n<\/div>\n\n\n\n<div class=\"wp-block-column is-layout-flow wp-block-column-is-layout-flow\" style=\"flex-basis:34%\">\n<h3 class=\"wp-block-heading has-neve-link-color-color has-text-color\">Als Hauptamtsleitung freuen Sie sich auf &#8230;<\/h3>\n\n\n\n<p class=\"has-neve-link-color-color has-text-color\">.. einen krisensicheren Arbeitsplatz, mit allen Facetten als Leitung der Hauptverwaltung, gemeinsam mit Ihrem Team von 2 Mitarbeitenden.<br><br>Als in einem hohen Ma\u00dfe engagierte, vorausdenkende und innovative F\u00fchrungskraft der Gemeinde gestalten Sie den Verwaltungsalltag und die anstehenden Ver\u00e4nderungs- und Digitalisierungsprozesse der Gemeindeverwaltung zukunftsorientiert mit. Dies in vertrauensvoller Zusammenarbeit mit dem Verwaltungsteam, dem B\u00fcrgermeister und dem kommunalen Gremium..<\/p>\n\n\n\n<div class=\"wp-block-buttons is-layout-flex wp-block-buttons-is-layout-flex\">\n<div class=\"wp-block-button has-custom-width wp-block-button__width-100 is-style-primary\"><a class=\"wp-block-button__link wp-element-button\" href=\"https:\/\/kommunal-online.de\/rohrdorf\/wp-content\/uploads\/2024\/09\/Stellenausschreibung_HA_Rohrdorf_2024.pdf\" style=\"border-radius:6px\" target=\"_blank\" rel=\"noreferrer noopener\">Stellenausschreibung herunterladen<\/a><\/div>\n<\/div>\n<\/div>\n<\/div>\n<\/div><\/div>\n<\/div><\/div>\n\n\n\n<div class=\"wp-block-cover alignfull\" style=\"min-height:600px;aspect-ratio:unset;\"><span aria-hidden=\"true\" class=\"wp-block-cover__background has-nv-site-bg-background-color has-background-dim-100 has-background-dim\"><\/span><div class=\"wp-block-cover__inner-container is-layout-flow wp-block-cover-is-layout-flow\">\n<div class=\"wp-block-group\"><div class=\"wp-block-group__inner-container is-layout-flow wp-block-group-is-layout-flow\">\n<div style=\"height:0px\" aria-hidden=\"true\" class=\"wp-block-spacer\"><\/div>\n\n\n\n<p><\/p>\n\n\n\n<h2 class=\"wp-block-heading has-neve-link-hover-color-color has-text-color has-large-font-size\">Ihr Aufgabengebiet umfasst:<\/h2>\n\n\n\n<ul class=\"wp-block-list has-neve-link-color-color has-text-color\">\n<li>Leitung der Hauptverwaltung.<br>Steuerung, Organisation und Personalf\u00fchrung der Aufgabenbereiche Organisation, Zentrale Dienste, \u00d6ffentlichkeitsarbeit und  B\u00fcrgerblatt,&nbsp;Kinderg\u00e4rten und Schulen, Ordnungs- und B\u00fcrgeramt, Kultur- und Vereinswesen<\/li>\n\n\n\n<li>Organisatorische und strategische Weiterentwicklung bestehender Verwaltungsstrukturen<\/li>\n\n\n\n<li>Bearbeitung und Kl\u00e4rung von&nbsp;Grundsatzfragen sowie Widerspruchsbearbeitung der Hauptverwaltung<\/li>\n\n\n\n<li>Ausschuss- und Gremienarbeit, Ansprechpartner und Protokollf\u00fchrung des Gemeinderats<\/li>\n\n\n\n<li>Bearbeitung von Rechtsangelegenheiten u.a. Kommunal-, Orts- und Satzungsrecht sowie Vertragsangelegenheiten<\/li>\n\n\n\n<li>Ordnungsrechtliche Angelegenheiten\/Leitung der Ortspolizeibeh\u00f6rde einschlie\u00dflich der Aufgaben des Feuerwehrwesen und&nbsp;Katastrophenschutz sowie der verkehrsrechtlichen Angelegenheiten<\/li>\n\n\n\n<li>Organisation und Durchf\u00fchrung der Wahlen<\/li>\n\n\n\n<li>Bearbeitung der Bauangelegenheiten (Bauleitplanung und Gemeindeentwicklung, st\u00e4dtebauliche Vertr\u00e4ge, Sanierungsprogramme, Bauantr\u00e4ge bzw. kommunale Aufgaben der Bauordnung, usw.)<\/li>\n\n\n\n<li>Bearbeitung der Angelegenheiten rund um die EDV-Administration, Digitalisierung (OZG, Einf\u00fchrung digitaler Verwaltungsprozesse bspw. DMS, E-Rechnung etc.)<\/li>\n\n\n\n<li>\u00d6ffentlichkeitsarbeit und Social Media einschlie\u00dflich Homepage\/Website<\/li>\n\n\n\n<li>Bearbeitung der Angelegenheiten des Tiefbaus<\/li>\n\n\n\n<li>Bearbeitung der Angelegenheiten des Grundst\u00fcckverkehrs<\/li>\n\n\n\n<li>Bearbeitung des Beitragsrechts (Beitr\u00e4ge nach BauGB und KAG)<\/li>\n<\/ul>\n\n\n\n<p class=\"has-neve-link-color-color has-text-color\">Die \u00c4nderung der Aufgabenbereiche bzw. die \u00dcbertragung weiterer Aufgabenbereiche beh\u00e4lt sich die Gemeinde vor.<\/p>\n\n\n\n<h2 class=\"wp-block-heading has-neve-link-hover-color-color has-text-color has-large-font-size\">Wir bieten Ihnen:<\/h2>\n\n\n\n<ul class=\"wp-block-list has-neve-link-color-color has-text-color\">\n<li>Unbefristete Stelle&nbsp;<\/li>\n\n\n\n<li>Besch\u00e4ftigung in Vollzeit&nbsp;<\/li>\n\n\n\n<li>Leistungsgerechte Verg\u00fctung, je nach Qualifikation und&nbsp;Erfahrung im Rahmen eines Beamtenverh\u00e4ltnisses bis A 11&nbsp;oder gem\u00e4\u00df TV\u00f6D<\/li>\n\n\n\n<li>Aktuell findet in der Gemeinde Rohrdorf eine Organisationsuntersuchung statt, bei der auch eine Neubewertung dieser Stelle ansteht.<\/li>\n\n\n\n<li>Modern ausgestatteter Arbeitsplatz<\/li>\n\n\n\n<li>M\u00f6glichkeiten zur Teilnahme an F\u00fchrungs- und&nbsp;Fachlehrg\u00e4ngen<\/li>\n<\/ul>\n\n\n\n<h2 class=\"wp-block-heading has-neve-link-hover-color-color has-text-color has-large-font-size\">Das bringen Sie mit:<\/h2>\n\n\n\n<ul class=\"wp-block-list has-neve-link-color-color has-text-color\">\n<li>Ein abgeschlossenes Studium als Bachelor of Arts-Public&nbsp;Management bzw. als Diplom-Verwaltungswirt\/in (FH) oder&nbsp;vergleichbare Qualifikation<\/li>\n\n\n\n<li>Diese Stelle eignet sich auch f\u00fcr Abg\u00e4nger*innen (m\/w\/d) der Hochschulen f\u00fcr \u00f6ffentliche Verwaltung<\/li>\n\n\n\n<li>Bereitschaft zur Teilnahme an Terminen\/Sitzungen au\u00dferhalb der \u00fcblichen Arbeitszeit<\/li>\n\n\n\n<li>Kooperativer Arbeits- und F\u00fchrungsstil<\/li>\n\n\n\n<li>Entscheidungs-, Kommunikations- und Teamf\u00e4higkeit<\/li>\n\n\n\n<li>Organisationsgeschick<\/li>\n\n\n\n<li>EDV-Kenntnisse, insbesondere im Umgang mit den g\u00e4ngigen Office-Programmen<\/li>\n\n\n\n<li>F\u00fchrerschein Klasse B <\/li>\n<\/ul>\n\n\n\n<p class=\"has-neve-link-color-color has-text-color\"><strong>Die F\u00f6rderung der Chancengleichheit ist f\u00fcr uns selbstverst\u00e4ndlich.<\/strong><\/p>\n\n\n\n<p class=\"has-neve-link-color-color has-text-color\"><strong>Schwerbehinderte und ihnen gleichgestellte Bewerber*innen (m\/w\/d) werden bei gleicher Eignung bevorzugt ber\u00fccksichtigt. Entsprechende Nachweise sind der Bewerbung beizuf\u00fcgen.<\/strong><\/p>\n\n\n\n<p><\/p>\n\n\n\n<div style=\"height:22px\" aria-hidden=\"true\" class=\"wp-block-spacer\"><\/div>\n\n\n\n<div style=\"height:12px\" aria-hidden=\"true\" class=\"wp-block-spacer\"><\/div>\n<\/div><\/div>\n<\/div><\/div>\n\n\n\n<div class=\"wp-block-cover alignfull is-light\" style=\"min-height:300px;aspect-ratio:unset;\"><span aria-hidden=\"true\" class=\"wp-block-cover__background has-background-dim-100 has-background-dim\" style=\"background-color:#d3d3d3\"><\/span><div class=\"wp-block-cover__inner-container is-layout-flow wp-block-cover-is-layout-flow\">\n<div style=\"height:27px\" aria-hidden=\"true\" class=\"wp-block-spacer\"><\/div>\n\n\n\n<h2 class=\"wp-block-heading has-text-align-center has-nv-text-dark-bg-color has-text-color\">Ansprechpartner &amp; Kontakt<\/h2>\n\n\n\n<p class=\"has-text-align-center has-medium-font-size\">Ihr Ansprechpartner bei HEYDER+PARTNER, f\u00fcr die Gemeinde Rohrdorf, bei R\u00fcckfragen und weiteren Informationen zur Stelle:<\/p>\n\n\n\n<p class=\"has-text-align-center\">Norbert Kranz, Dipl. Verwaltungswirt (FH), Recruiting HEYDER+PARTNER<br>Telefonnummer: 07071 9795 &#8211; 0<\/p>\n\n\n\n<div class=\"wp-block-buttons is-content-justification-center is-layout-flex wp-container-core-buttons-is-layout-16018d1d wp-block-buttons-is-layout-flex\">\n<div class=\"wp-block-button is-style-primary\"><a class=\"wp-block-button__link wp-element-button\" href=\"https:\/\/kommunal-online.de\/rohrdorf\/bewerben\/\" style=\"border-radius:6px\">Jetzt bewerben<\/a><\/div>\n<\/div>\n\n\n\n<div style=\"height:140px\" aria-hidden=\"true\" class=\"wp-block-spacer\"><\/div>\n<\/div><\/div>\n","protected":false},"excerpt":{"rendered":"","protected":false},"author":1,"featured_media":0,"parent":0,"menu_order":0,"comment_status":"closed","ping_status":"closed","template":"","meta":{"neve_meta_sidebar":"","neve_meta_container":"","neve_meta_enable_content_width":"on","neve_meta_content_width":100,"neve_meta_title_alignment":"","neve_meta_author_avatar":"","neve_post_elements_order":"","neve_meta_disable_header":"","neve_meta_disable_footer":"","neve_meta_disable_title":"on","footnotes":""},"class_list":["post-33","page","type-page","status-publish","hentry"],"_links":{"self":[{"href":"https:\/\/kommunal-online.de\/rohrdorf\/wp-json\/wp\/v2\/pages\/33","targetHints":{"allow":["GET"]}}],"collection":[{"href":"https:\/\/kommunal-online.de\/rohrdorf\/wp-json\/wp\/v2\/pages"}],"about":[{"href":"https:\/\/kommunal-online.de\/rohrdorf\/wp-json\/wp\/v2\/types\/page"}],"author":[{"embeddable":true,"href":"https:\/\/kommunal-online.de\/rohrdorf\/wp-json\/wp\/v2\/users\/1"}],"replies":[{"embeddable":true,"href":"https:\/\/kommunal-online.de\/rohrdorf\/wp-json\/wp\/v2\/comments?post=33"}],"version-history":[{"count":41,"href":"https:\/\/kommunal-online.de\/rohrdorf\/wp-json\/wp\/v2\/pages\/33\/revisions"}],"predecessor-version":[{"id":368,"href":"https:\/\/kommunal-online.de\/rohrdorf\/wp-json\/wp\/v2\/pages\/33\/revisions\/368"}],"wp:attachment":[{"href":"https:\/\/kommunal-online.de\/rohrdorf\/wp-json\/wp\/v2\/media?parent=33"}],"curies":[{"name":"wp","href":"https:\/\/api.w.org\/{rel}","templated":true}]}}